{"id":30205,"date":"2021-06-05T10:34:39","date_gmt":"2021-06-05T08:34:39","guid":{"rendered":"https:\/\/myservice4you.ch\/wp\/?page_id=30205"},"modified":"2023-11-25T17:26:39","modified_gmt":"2023-11-25T16:26:39","slug":"agb","status":"publish","type":"page","link":"https:\/\/zueri-cheer.ch\/wp\/agb\/","title":{"rendered":"Allgemeine Gesch\u00e4ftsbedingungen"},"content":{"rendered":"<p>[et_pb_section fb_built=&#8220;1&#8243; _builder_version=&#8220;4.16&#8243; custom_margin=&#8220;0px|0px|0px|0px|false|false&#8220; custom_padding=&#8220;0px|0px|0px|0px|false|false&#8220; global_colors_info=&#8220;{}&#8220;][et_pb_row _builder_version=&#8220;4.16&#8243; custom_margin=&#8220;0px|0px|0px|0px|false|false&#8220; custom_padding=&#8220;0px|0px|0px|0px|false|false&#8220; global_colors_info=&#8220;{}&#8220;][et_pb_column type=&#8220;4_4&#8243; _builder_version=&#8220;4.16&#8243; global_colors_info=&#8220;{}&#8220;][et_pb_text _builder_version=&#8220;4.23.1&#8243; hover_enabled=&#8220;0&#8243; global_colors_info=&#8220;{}&#8220; sticky_enabled=&#8220;0&#8243;]<\/p>\n<h1><strong>Inhaber Kontakt der Homepage<\/strong><\/h1>\n<p>Verantwortliche Stelle im Sinne der Datenschutzgesetze, insbesondere der EU-Datenschutzgrundverordnung (DSGVO), ist:<br \/><strong><br \/>C<\/strong>heer <strong>V<\/strong>erband <strong>Z<\/strong>\u00fcrich<br \/>Homepage: <a href=\"https:\/\/www.zueri-cheer.ch\">www.zueri-cheer.ch<\/a><br \/>Kontakt: <a href=\"https:\/\/zueri-cheer.ch\/wp\/kontakt-cvz\/\" target=\"_blank\" rel=\"noopener\">Online Formular<\/a><\/p>\n<p>[\/et_pb_text][et_pb_text _builder_version=&#8220;4.16&#8243; _module_preset=&#8220;default&#8220; global_colors_info=&#8220;{}&#8220;]<\/p>\n<h2>Geltungsbereich<\/h2>\n<p><span>Diese Allgemeinen Gesch\u00e4ftsbedingungen (AGB) finden auf alle Seiten angebotenen Dienstleistungen Anwendung. Mit der Nutzung unserer Dienstleistungen akzeptieren Sie die nachfolgenden Bedingungen unver\u00e4ndert und vollumf\u00e4nglich.<\/span><\/p>\n<p>[\/et_pb_text][et_pb_text _builder_version=&#8220;4.23.1&#8243; _module_preset=&#8220;default&#8220; hover_enabled=&#8220;0&#8243; global_colors_info=&#8220;{}&#8220; sticky_enabled=&#8220;0&#8243;]<\/p>\n<h2>Rechte und Pflichten des Kunden<\/h2>\n<p><span>Der Kunde ist zur bestimmungsgem\u00e4ssen und rechtm\u00e4ssigen Nutzung der Dienstleistungen und Produkte berechtigt und verpflichtet sich, diese AGB und allf\u00e4llige Weisungen von Inhaber zu befolgen.<\/span><\/p>\n<p><span><\/span><\/p>\n<p><span>Bei der Bestellung, Registrierung sowie im Rahmen der Nutzung der Dienstleistungen ist der Kunde zu wahrheitsgetreuen und nachvollziehbaren Angaben verpflichtet. Der Inhaber kann den Kunden jederzeit und ohne Angabe von Gr\u00fcnden auffordern, Unterlagen oder Ausk\u00fcnfte nachzureichen, mittels derer wir die Richtigkeit der vom Kunden mittgeteilten Angaben verifizieren kann. Wir sind berechtigt, den Akzept der Bestellung bzw. der Registrierung aufzuschieben, die Erbringung von Dienstleistungen auszusetzen oder aber den Vertrag mit dem Kunden mit sofortiger Wirkung zu k\u00fcndigen, wenn der Kunde es vers\u00e4umt, innert von uns gesetzten Frist geeignete Unterlagen bzw. Ausk\u00fcnfte nachzureichen.<\/span><span><\/span><\/p>\n<p><span>Der Kunde verpflichtet sich, Passw\u00f6rter sorgf\u00e4ltig aufzubewahren und vor dem Zugriff Dritter zu sch\u00fctzen.<\/span><\/p>\n<p>Der Kunde ist f\u00fcr den Inhalt der Informationen (Sprache, Bilder, Kl\u00e4nge, Computerprogramme, Datenbanken, Audio-\/Video-Files usw.) verantwortlich, die er selber (und mit ihm kommunizierende Dritte) \u00fcbermitteln oder bearbeiten l\u00e4sst, verbreitet oder zum Abruf bereith\u00e4lt. Der Kunde ist auch f\u00fcr Hinweise (insbesondere Links) auf solche Informationen verantwortlich. Wir lehnen jegliche Haftung ab.<br \/><span><\/span><\/p>\n<p><span><\/span><\/p>\n<p><span>Wir sind berechtigt, den Zugang zur Kundenwebsite ganz oder teilweise zu sperren und die Hosting-Dienstleistungen einzustellen.<\/span><\/p>\n<ul>\n<li><span>Falls die Voraussetzungen des Notice-and-Takedown-Verfahrens erf\u00fcllt sind<\/span><\/li>\n<li><span>Wir dazu gerichtlich oder beh\u00f6rdlich aufgefordert werden<\/span><\/li>\n<li><span>Wir uns sonst selber rechtlich verantwortlich oder strafbar machen k\u00f6nnte\u00a0<\/span><span><\/span><\/li>\n<\/ul>\n<p>[\/et_pb_text][et_pb_text _builder_version=&#8220;4.16&#8243; _module_preset=&#8220;default&#8220; global_colors_info=&#8220;{}&#8220;]<\/p>\n<h2>Gew\u00e4hrleistung<\/h2>\n<p><span>Wir ist bestrebt, die Dienstleistung sorgf\u00e4ltig und fachgerecht zu erbringen. Wir k\u00f6nnen jedoch nicht garantieren, dass die Dienstleistungen ununterbrochen verf\u00fcgbar sind.<\/span><\/p>\n<p>[\/et_pb_text][et_pb_text _builder_version=&#8220;4.16&#8243; _module_preset=&#8220;default&#8220; global_colors_info=&#8220;{}&#8220;]<\/p>\n<h2>Allgemeiner Haftungsausschluss<\/h2>\n<p>Alle Angaben unseres Internetangebotes wurden sorgf\u00e4ltig gepr\u00fcft. Wir bem\u00fchen uns, unser Informationsangebot aktuell, inhaltlich richtig und vollst\u00e4ndig anzubieten. Trotzdem kann das Auftreten von Fehlern nicht v\u00f6llig ausgeschlossen werden, womit wir keine Garantie f\u00fcr Vollst\u00e4ndigkeit, Richtigkeit und Aktualit\u00e4t von Informationen auch journalistisch-redaktioneller Art \u00fcbernehmen k\u00f6nnen. Haftungsanspr\u00fcche aus Sch\u00e4den materieller oder ideeller Art, die durch die Nutzung der angebotenen Informationen verursacht wurden, sind ausgeschlossen, sofern kein nachweislich vors\u00e4tzliches oder grob fahrl\u00e4ssiges Verschulden vorliegt.<\/p>\n<p>Der Herausgeber kann nach eigenem Ermessen und ohne Ank\u00fcndigung Texte ver\u00e4ndern oder l\u00f6schen und ist nicht verpflichtet, Inhalte dieser Website zu aktualisieren. Die Benutzung bzw. der Zugang zu dieser Website geschieht auf eigene Gefahr des Besuchers. Der Herausgeber, seine Auftraggeber oder Partner sind nicht verantwortlich f\u00fcr Sch\u00e4den, wie direkte, indirekte, zuf\u00e4llige, vorab konkret zu bestimmende oder Folgesch\u00e4den, die angeblich durch den Besuch dieser Website entstanden sind und \u00fcbernehmen hierf\u00fcr folglich keine Haftung.<\/p>\n<p>Der Herausgeber \u00fcbernimmt ebenfalls keine Verantwortung und Haftung f\u00fcr die Inhalte und die Verf\u00fcgbarkeit von Website Dritter, die \u00fcber externe Links dieser Website erreichbar sind. F\u00fcr den Inhalt der verlinkten Seiten sind ausschliesslich deren Betreiber verantwortlich. Der Herausgeber distanziert sich damit ausdr\u00fccklich von allen Inhalten Dritter, die m\u00f6glicherweise straf- oder haftungsrechtlich relevant sind oder gegen die guten Sitten verstossen.<\/p>\n<p>[\/et_pb_text][et_pb_text _builder_version=&#8220;4.23.1&#8243; _module_preset=&#8220;default&#8220; hover_enabled=&#8220;0&#8243; global_colors_info=&#8220;{}&#8220; sticky_enabled=&#8220;0&#8243;]<\/p>\n<p>&nbsp;<\/p>\n<p><span>Schweiz, 20.11.2023<\/span><\/p>\n<p>[\/et_pb_text][\/et_pb_column][\/et_pb_row][\/et_pb_section]<\/p>\n","protected":false},"excerpt":{"rendered":"<p>Inhaber Kontakt der Homepage Verantwortliche Stelle im Sinne der Datenschutzgesetze, insbesondere der EU-Datenschutzgrundverordnung (DSGVO), ist:Cheer Verband Z\u00fcrichHomepage: www.zueri-cheer.chKontakt: Online Formular Geltungsbereich Diese Allgemeinen Gesch\u00e4ftsbedingungen (AGB) finden auf alle Seiten angebotenen Dienstleistungen Anwendung. Mit der Nutzung unserer Dienstleistungen akzeptieren Sie die nachfolgenden Bedingungen unver\u00e4ndert und vollumf\u00e4nglich. Rechte und Pflichten des Kunden Der Kunde ist zur bestimmungsgem\u00e4ssen und rechtm\u00e4ssigen Nutzung der Dienstleistungen und Produkte berechtigt und verpflichtet sich, diese AGB und allf\u00e4llige Weisungen von Inhaber zu befolgen. Bei der Bestellung, Registrierung sowie im Rahmen der Nutzung der Dienstleistungen ist der Kunde zu wahrheitsgetreuen und nachvollziehbaren Angaben verpflichtet. Der Inhaber kann den Kunden jederzeit und ohne Angabe von Gr\u00fcnden auffordern, Unterlagen oder Ausk\u00fcnfte nachzureichen, mittels derer wir die Richtigkeit der vom Kunden mittgeteilten Angaben verifizieren kann. Wir sind berechtigt, den Akzept der Bestellung bzw. der Registrierung aufzuschieben, die Erbringung von Dienstleistungen auszusetzen oder aber den Vertrag mit dem Kunden mit sofortiger Wirkung zu k\u00fcndigen, wenn der Kunde es vers\u00e4umt, innert von uns gesetzten Frist geeignete Unterlagen bzw. Ausk\u00fcnfte nachzureichen. Der Kunde verpflichtet sich, Passw\u00f6rter sorgf\u00e4ltig aufzubewahren und vor dem Zugriff Dritter zu sch\u00fctzen. Der Kunde ist f\u00fcr den Inhalt der Informationen (Sprache, Bilder, Kl\u00e4nge, Computerprogramme, Datenbanken, Audio-\/Video-Files usw.) verantwortlich, die er selber (und mit ihm kommunizierende Dritte) \u00fcbermitteln oder bearbeiten l\u00e4sst, verbreitet oder zum Abruf bereith\u00e4lt. Der Kunde ist auch f\u00fcr Hinweise (insbesondere Links) auf solche Informationen verantwortlich. Wir lehnen jegliche Haftung ab. Wir sind berechtigt, den Zugang zur Kundenwebsite ganz oder teilweise zu sperren und die Hosting-Dienstleistungen&#8230;<\/p>\n","protected":false},"author":2,"featured_media":0,"parent":0,"menu_order":0,"comment_status":"closed","ping_status":"closed","template":"","meta":{"_et_pb_use_builder":"on","_et_pb_old_content":"","_et_gb_content_width":"","footnotes":""},"class_list":["post-30205","page","type-page","status-publish","hentry"],"_links":{"self":[{"href":"https:\/\/zueri-cheer.ch\/wp\/wp-json\/wp\/v2\/pages\/30205","targetHints":{"allow":["GET"]}}],"collection":[{"href":"https:\/\/zueri-cheer.ch\/wp\/wp-json\/wp\/v2\/pages"}],"about":[{"href":"https:\/\/zueri-cheer.ch\/wp\/wp-json\/wp\/v2\/types\/page"}],"author":[{"embeddable":true,"href":"https:\/\/zueri-cheer.ch\/wp\/wp-json\/wp\/v2\/users\/2"}],"replies":[{"embeddable":true,"href":"https:\/\/zueri-cheer.ch\/wp\/wp-json\/wp\/v2\/comments?post=30205"}],"version-history":[{"count":4,"href":"https:\/\/zueri-cheer.ch\/wp\/wp-json\/wp\/v2\/pages\/30205\/revisions"}],"predecessor-version":[{"id":30231,"href":"https:\/\/zueri-cheer.ch\/wp\/wp-json\/wp\/v2\/pages\/30205\/revisions\/30231"}],"wp:attachment":[{"href":"https:\/\/zueri-cheer.ch\/wp\/wp-json\/wp\/v2\/media?parent=30205"}],"curies":[{"name":"wp","href":"https:\/\/api.w.org\/{rel}","templated":true}]}}